{"id":1629,"date":"2025-03-22T14:41:57","date_gmt":"2025-03-22T13:41:57","guid":{"rendered":"https:\/\/renesansa.ba\/?post_type=product&#038;p=1629"},"modified":"2025-03-22T14:41:58","modified_gmt":"2025-03-22T13:41:58","slug":"quattro-dvosjed","status":"publish","type":"product","link":"https:\/\/renesansa.ba\/en\/shop\/tdf\/trosjed\/quattro-dvosjed\/","title":{"rendered":"QUATTRO two-seater"},"content":{"rendered":"<p>Two-seater Quattro with dimensions of 180 x 110 cm is the perfect choice for terraces, offices and waiting rooms. With a simple and elegant design, this two-seater brings sophistication to any space. High legs allow easy maintenance and cleaning under the furniture, while its comfort provides a pleasant feeling for everyone who uses it. With ideal dimensions for small and medium-sized spaces, Quattro is aesthetically pleasing.<\/p>","protected":false},"excerpt":{"rendered":"<p>Dvosjed Quattro dimenzija 180 x 110 cm je savr\u0161en izbor za terase, kancelarije i \u010dekaonice. Sa jednostavnim i elegantnim dizajnom, ovaj dvosjed donosi sofisticiranost u svaki prostor. Visoke noge omogu\u0107avaju lako odr\u017eavanje i \u010di\u0161\u0107enje ispod namje\u0161taja, dok njegova komfornost pru\u017ea prijatan osje\u0107aj za sve koji ga koriste. Idealnih dimenzija za manje i srednje prostora, Quattro [&#8230;]\n","protected":false},"featured_media":1630,"template":"","meta":[],"product_cat":[45,22],"product_tag":[],"yoast_head":"<!-- This site is optimized with the Yoast SEO Premium plugin v21.7 (Yoast SEO v22.6) - https:\/\/yoast.com\/wordpress\/plugins\/seo\/ -->\n<title>QUATTRO dvosjed - Renesansa Namje\u0161taj<\/title>\n<meta name=\"robots\" content=\"index, follow, max-snippet:-1, max-image-preview:large, max-video-preview:-1\" \/>\n<link rel=\"canonical\" href=\"https:\/\/renesansa.ba\/en\/shop\/tdf\/trosjed\/quattro-dvosjed\/\" \/>\n<meta property=\"og:locale\" content=\"en_US\" \/>\n<meta property=\"og:type\" content=\"article\" \/>\n<meta property=\"og:title\" content=\"QUATTRO dvosjed\" \/>\n<meta property=\"og:description\" content=\"Dvosjed Quattro dimenzija 180 x 110 cm je savr\u0161en izbor za terase, kancelarije i \u010dekaonice. Sa jednostavnim i elegantnim dizajnom, ovaj dvosjed donosi sofisticiranost u svaki prostor. Visoke noge omogu\u0107avaju lako odr\u017eavanje i \u010di\u0161\u0107enje ispod namje\u0161taja, dok njegova komfornost pru\u017ea prijatan osje\u0107aj za sve koji ga koriste. Idealnih dimenzija za manje i srednje prostora, Quattro [...]\" \/>\n<meta property=\"og:url\" content=\"https:\/\/renesansa.ba\/en\/shop\/tdf\/trosjed\/quattro-dvosjed\/\" \/>\n<meta property=\"og:site_name\" content=\"Renesansa Namje\u0161taj\" \/>\n<meta property=\"article:publisher\" content=\"https:\/\/www.facebook.com\/resensansa\" \/>\n<meta property=\"article:modified_time\" content=\"2025-03-22T13:41:58+00:00\" \/>\n<meta property=\"og:image\" content=\"https:\/\/renesansa.ba\/wp-content\/uploads\/2025\/03\/SofaQuatro_Ambijent-scaled.jpg\" \/>\n\t<meta property=\"og:image:width\" content=\"2560\" \/>\n\t<meta property=\"og:image:height\" content=\"1707\" \/>\n\t<meta property=\"og:image:type\" content=\"image\/jpeg\" \/>\n<meta name=\"twitter:card\" content=\"summary_large_image\" \/>\n<meta name=\"twitter:label1\" content=\"Est. reading time\" \/>\n\t<meta name=\"twitter:data1\" content=\"1 minute\" \/>\n<script type=\"application\/ld+json\" class=\"yoast-schema-graph\">{\"@context\":\"https:\/\/schema.org\",\"@graph\":[{\"@type\":\"WebPage\",\"@id\":\"https:\/\/renesansa.ba\/shop\/tdf\/trosjed\/quattro-dvosjed\/\",\"url\":\"https:\/\/renesansa.ba\/shop\/tdf\/trosjed\/quattro-dvosjed\/\",\"name\":\"QUATTRO dvosjed - Renesansa Namje\u0161taj\",\"isPartOf\":{\"@id\":\"https:\/\/renesansa.ba\/#website\"},\"primaryImageOfPage\":{\"@id\":\"https:\/\/renesansa.ba\/shop\/tdf\/trosjed\/quattro-dvosjed\/#primaryimage\"},\"image\":{\"@id\":\"https:\/\/renesansa.ba\/shop\/tdf\/trosjed\/quattro-dvosjed\/#primaryimage\"},\"thumbnailUrl\":\"https:\/\/renesansa.ba\/wp-content\/uploads\/2025\/03\/SofaQuatro_Ambijent-scaled.jpg\",\"datePublished\":\"2025-03-22T13:41:57+00:00\",\"dateModified\":\"2025-03-22T13:41:58+00:00\",\"breadcrumb\":{\"@id\":\"https:\/\/renesansa.ba\/shop\/tdf\/trosjed\/quattro-dvosjed\/#breadcrumb\"},\"inLanguage\":\"en-US\",\"potentialAction\":[{\"@type\":\"ReadAction\",\"target\":[\"https:\/\/renesansa.ba\/shop\/tdf\/trosjed\/quattro-dvosjed\/\"]}]},{\"@type\":\"ImageObject\",\"inLanguage\":\"en-US\",\"@id\":\"https:\/\/renesansa.ba\/shop\/tdf\/trosjed\/quattro-dvosjed\/#primaryimage\",\"url\":\"https:\/\/renesansa.ba\/wp-content\/uploads\/2025\/03\/SofaQuatro_Ambijent-scaled.jpg\",\"contentUrl\":\"https:\/\/renesansa.ba\/wp-content\/uploads\/2025\/03\/SofaQuatro_Ambijent-scaled.jpg\",\"width\":2560,\"height\":1707},{\"@type\":\"BreadcrumbList\",\"@id\":\"https:\/\/renesansa.ba\/shop\/tdf\/trosjed\/quattro-dvosjed\/#breadcrumb\",\"itemListElement\":[{\"@type\":\"ListItem\",\"position\":1,\"name\":\"Home\",\"item\":\"https:\/\/renesansa.ba\/\"},{\"@type\":\"ListItem\",\"position\":2,\"name\":\"Shop\",\"item\":\"https:\/\/renesansa.ba\/shop\/\"},{\"@type\":\"ListItem\",\"position\":3,\"name\":\"QUATTRO dvosjed\"}]},{\"@type\":\"WebSite\",\"@id\":\"https:\/\/renesansa.ba\/#website\",\"url\":\"https:\/\/renesansa.ba\/\",\"name\":\"Renesansa Namje\u0161taj\",\"description\":\"Sinonim za lijepo oblikovan i funkcionalan namje\u0161taj visokog kvaliteta i dobrih cijena, sa najpovoljnijim odnosom vrijednosti proizvoda i prodajnih cijena na ovim prostorima. Posjetite nas u na\u0161im salonima u \u017divinicama ili u Tuzli.\",\"publisher\":{\"@id\":\"https:\/\/renesansa.ba\/#organization\"},\"potentialAction\":[{\"@type\":\"SearchAction\",\"target\":{\"@type\":\"EntryPoint\",\"urlTemplate\":\"https:\/\/renesansa.ba\/?s={search_term_string}\"},\"query-input\":\"required name=search_term_string\"}],\"inLanguage\":\"en-US\"},{\"@type\":\"Organization\",\"@id\":\"https:\/\/renesansa.ba\/#organization\",\"name\":\"Renesansa Namje\u0161taj\",\"url\":\"https:\/\/renesansa.ba\/\",\"logo\":{\"@type\":\"ImageObject\",\"inLanguage\":\"en-US\",\"@id\":\"https:\/\/renesansa.ba\/#\/schema\/logo\/image\/\",\"url\":\"https:\/\/renesansa.ba\/wp-content\/uploads\/2022\/09\/logo-hq.png\",\"contentUrl\":\"https:\/\/renesansa.ba\/wp-content\/uploads\/2022\/09\/logo-hq.png\",\"width\":948,\"height\":276,\"caption\":\"Renesansa Namje\u0161taj\"},\"image\":{\"@id\":\"https:\/\/renesansa.ba\/#\/schema\/logo\/image\/\"},\"sameAs\":[\"https:\/\/www.facebook.com\/resensansa\",\"https:\/\/www.instagram.com\/renesansa.ba\/\"]}]}<\/script>\n<!-- \/ Yoast SEO Premium plugin. -->","yoast_head_json":{"title":"QUATTRO two-seater - Renaissance Furniture","robots":{"index":"index","follow":"follow","max-snippet":"max-snippet:-1","max-image-preview":"max-image-preview:large","max-video-preview":"max-video-preview:-1"},"canonical":"https:\/\/renesansa.ba\/en\/shop\/tdf\/trosjed\/quattro-dvosjed\/","og_locale":"en_US","og_type":"article","og_title":"QUATTRO dvosjed","og_description":"Dvosjed Quattro dimenzija 180 x 110 cm je savr\u0161en izbor za terase, kancelarije i \u010dekaonice. Sa jednostavnim i elegantnim dizajnom, ovaj dvosjed donosi sofisticiranost u svaki prostor. Visoke noge omogu\u0107avaju lako odr\u017eavanje i \u010di\u0161\u0107enje ispod namje\u0161taja, dok njegova komfornost pru\u017ea prijatan osje\u0107aj za sve koji ga koriste. Idealnih dimenzija za manje i srednje prostora, Quattro [...]","og_url":"https:\/\/renesansa.ba\/en\/shop\/tdf\/trosjed\/quattro-dvosjed\/","og_site_name":"Renesansa Namje\u0161taj","article_publisher":"https:\/\/www.facebook.com\/resensansa","article_modified_time":"2025-03-22T13:41:58+00:00","og_image":[{"width":2560,"height":1707,"url":"https:\/\/renesansa.ba\/wp-content\/uploads\/2025\/03\/SofaQuatro_Ambijent-scaled.jpg","type":"image\/jpeg"}],"twitter_card":"summary_large_image","twitter_misc":{"Est. reading time":"1 minute"},"schema":{"@context":"https:\/\/schema.org","@graph":[{"@type":"WebPage","@id":"https:\/\/renesansa.ba\/shop\/tdf\/trosjed\/quattro-dvosjed\/","url":"https:\/\/renesansa.ba\/shop\/tdf\/trosjed\/quattro-dvosjed\/","name":"QUATTRO two-seater - Renaissance Furniture","isPartOf":{"@id":"https:\/\/renesansa.ba\/#website"},"primaryImageOfPage":{"@id":"https:\/\/renesansa.ba\/shop\/tdf\/trosjed\/quattro-dvosjed\/#primaryimage"},"image":{"@id":"https:\/\/renesansa.ba\/shop\/tdf\/trosjed\/quattro-dvosjed\/#primaryimage"},"thumbnailUrl":"https:\/\/renesansa.ba\/wp-content\/uploads\/2025\/03\/SofaQuatro_Ambijent-scaled.jpg","datePublished":"2025-03-22T13:41:57+00:00","dateModified":"2025-03-22T13:41:58+00:00","breadcrumb":{"@id":"https:\/\/renesansa.ba\/shop\/tdf\/trosjed\/quattro-dvosjed\/#breadcrumb"},"inLanguage":"en-US","potentialAction":[{"@type":"ReadAction","target":["https:\/\/renesansa.ba\/shop\/tdf\/trosjed\/quattro-dvosjed\/"]}]},{"@type":"ImageObject","inLanguage":"en-US","@id":"https:\/\/renesansa.ba\/shop\/tdf\/trosjed\/quattro-dvosjed\/#primaryimage","url":"https:\/\/renesansa.ba\/wp-content\/uploads\/2025\/03\/SofaQuatro_Ambijent-scaled.jpg","contentUrl":"https:\/\/renesansa.ba\/wp-content\/uploads\/2025\/03\/SofaQuatro_Ambijent-scaled.jpg","width":2560,"height":1707},{"@type":"BreadcrumbList","@id":"https:\/\/renesansa.ba\/shop\/tdf\/trosjed\/quattro-dvosjed\/#breadcrumb","itemListElement":[{"@type":"ListItem","position":1,"name":"Home","item":"https:\/\/renesansa.ba\/"},{"@type":"ListItem","position":2,"name":"Shop","item":"https:\/\/renesansa.ba\/shop\/"},{"@type":"ListItem","position":3,"name":"QUATTRO dvosjed"}]},{"@type":"WebSite","@id":"https:\/\/renesansa.ba\/#website","url":"https:\/\/renesansa.ba\/","name":"Renaissance Furniture","description":"A synonym for beautifully designed and functional furniture of high quality and good prices, with the most favorable ratio of product value and selling prices in this area. Visit us in our salons in \u017divinice or Tuzla.","publisher":{"@id":"https:\/\/renesansa.ba\/#organization"},"potentialAction":[{"@type":"SearchAction","target":{"@type":"EntryPoint","urlTemplate":"https:\/\/renesansa.ba\/?s={search_term_string}"},"query-input":"required name=search_term_string"}],"inLanguage":"en-US"},{"@type":"Organization","@id":"https:\/\/renesansa.ba\/#organization","name":"Renaissance Furniture","url":"https:\/\/renesansa.ba\/","logo":{"@type":"ImageObject","inLanguage":"en-US","@id":"https:\/\/renesansa.ba\/#\/schema\/logo\/image\/","url":"https:\/\/renesansa.ba\/wp-content\/uploads\/2022\/09\/logo-hq.png","contentUrl":"https:\/\/renesansa.ba\/wp-content\/uploads\/2022\/09\/logo-hq.png","width":948,"height":276,"caption":"Renesansa Namje\u0161taj"},"image":{"@id":"https:\/\/renesansa.ba\/#\/schema\/logo\/image\/"},"sameAs":["https:\/\/www.facebook.com\/resensansa","https:\/\/www.instagram.com\/renesansa.ba\/"]}]}},"_links":{"self":[{"href":"https:\/\/renesansa.ba\/en\/wp-json\/wp\/v2\/product\/1629"}],"collection":[{"href":"https:\/\/renesansa.ba\/en\/wp-json\/wp\/v2\/product"}],"about":[{"href":"https:\/\/renesansa.ba\/en\/wp-json\/wp\/v2\/types\/product"}],"wp:featuredmedia":[{"embeddable":true,"href":"https:\/\/renesansa.ba\/en\/wp-json\/wp\/v2\/media\/1630"}],"wp:attachment":[{"href":"https:\/\/renesansa.ba\/en\/wp-json\/wp\/v2\/media?parent=1629"}],"wp:term":[{"taxonomy":"product_cat","embeddable":true,"href":"https:\/\/renesansa.ba\/en\/wp-json\/wp\/v2\/product_cat?post=1629"},{"taxonomy":"product_tag","embeddable":true,"href":"https:\/\/renesansa.ba\/en\/wp-json\/wp\/v2\/product_tag?post=1629"}],"curies":[{"name":"wp","href":"https:\/\/api.w.org\/{rel}","templated":true}]}}