{"id":1581,"date":"2025-02-07T11:28:48","date_gmt":"2025-02-07T10:28:48","guid":{"rendered":"https:\/\/renesansa.ba\/?post_type=product&#038;p=1581"},"modified":"2025-02-13T09:15:23","modified_gmt":"2025-02-13T08:15:23","slug":"ugaona-garnitura-julija","status":"publish","type":"product","link":"https:\/\/renesansa.ba\/en\/shop\/ugaonegarniture\/ugaona-garnitura-julija\/","title":{"rendered":"Corner sofa Julia"},"content":{"rendered":"<p><strong>Corner sofa Julia<\/strong> The dimensions of 265\u00d7184 cm represent the perfect combination of comfort and functionality.<\/p>\n<p>This set is equipped with a pull-out bed, making it an ideal solution for guest rooms or living rooms, providing additional sleeping space when needed. In addition, the set comes with a practical bed storage box, allowing for additional space organization.<\/p>\n<p>The buyer can choose the side on which the sofa will be placed, which adapts to any space, as well as the choice of fabrics, which allows personalization according to their own wishes and needs. Elegant design and functionality make this set an ideal solution for every home.<\/p>","protected":false},"excerpt":{"rendered":"<p>Ugaona garnitura Julija dimenzija 265&#215;184 cm predstavlja savr\u0161en spoj udobnosti i funkcionalnosti. Ova garnitura je opremljena le\u017eajem na izvla\u010denje, \u0161to je \u010dini idealnim rje\u0161enjem za gostinske sobe ili dnevne boravke, pru\u017eaju\u0107i dodatni prostor za spavanje kada je to potrebno. Uz to, garnitura dolazi s prakti\u010dnim sandukom za odlaganje posteljine, \u010dime se omogu\u0107ava dodatna organizacija prostora. [&#8230;]\n","protected":false},"featured_media":1582,"template":"","meta":[],"product_cat":[35],"product_tag":[],"yoast_head":"<!-- This site is optimized with the Yoast SEO Premium plugin v21.7 (Yoast SEO v22.6) - https:\/\/yoast.com\/wordpress\/plugins\/seo\/ -->\n<title>Ugaona garnitura Julija - Renesansa Namje\u0161taj<\/title>\n<meta name=\"robots\" content=\"index, follow, max-snippet:-1, max-image-preview:large, max-video-preview:-1\" \/>\n<link rel=\"canonical\" href=\"https:\/\/renesansa.ba\/en\/shop\/ugaonegarniture\/ugaona-garnitura-julija\/\" \/>\n<meta property=\"og:locale\" content=\"en_US\" \/>\n<meta property=\"og:type\" content=\"article\" \/>\n<meta property=\"og:title\" content=\"Ugaona garnitura Julija\" \/>\n<meta property=\"og:description\" content=\"Ugaona garnitura Julija dimenzija 265&#215;184 cm predstavlja savr\u0161en spoj udobnosti i funkcionalnosti. Ova garnitura je opremljena le\u017eajem na izvla\u010denje, \u0161to je \u010dini idealnim rje\u0161enjem za gostinske sobe ili dnevne boravke, pru\u017eaju\u0107i dodatni prostor za spavanje kada je to potrebno. Uz to, garnitura dolazi s prakti\u010dnim sandukom za odlaganje posteljine, \u010dime se omogu\u0107ava dodatna organizacija prostora. [...]\" \/>\n<meta property=\"og:url\" content=\"https:\/\/renesansa.ba\/en\/shop\/ugaonegarniture\/ugaona-garnitura-julija\/\" \/>\n<meta property=\"og:site_name\" content=\"Renesansa Namje\u0161taj\" \/>\n<meta property=\"article:publisher\" content=\"https:\/\/www.facebook.com\/resensansa\" \/>\n<meta property=\"article:modified_time\" content=\"2025-02-13T08:15:23+00:00\" \/>\n<meta property=\"og:image\" content=\"https:\/\/renesansa.ba\/wp-content\/uploads\/2025\/02\/4-scaled.jpg\" \/>\n\t<meta property=\"og:image:width\" content=\"2560\" \/>\n\t<meta property=\"og:image:height\" content=\"1920\" \/>\n\t<meta property=\"og:image:type\" content=\"image\/jpeg\" \/>\n<meta name=\"twitter:card\" content=\"summary_large_image\" \/>\n<meta name=\"twitter:label1\" content=\"Est. reading time\" \/>\n\t<meta name=\"twitter:data1\" content=\"1 minute\" \/>\n<script type=\"application\/ld+json\" class=\"yoast-schema-graph\">{\"@context\":\"https:\/\/schema.org\",\"@graph\":[{\"@type\":\"WebPage\",\"@id\":\"https:\/\/renesansa.ba\/shop\/ugaonegarniture\/ugaona-garnitura-julija\/\",\"url\":\"https:\/\/renesansa.ba\/shop\/ugaonegarniture\/ugaona-garnitura-julija\/\",\"name\":\"Ugaona garnitura Julija - Renesansa Namje\u0161taj\",\"isPartOf\":{\"@id\":\"https:\/\/renesansa.ba\/#website\"},\"primaryImageOfPage\":{\"@id\":\"https:\/\/renesansa.ba\/shop\/ugaonegarniture\/ugaona-garnitura-julija\/#primaryimage\"},\"image\":{\"@id\":\"https:\/\/renesansa.ba\/shop\/ugaonegarniture\/ugaona-garnitura-julija\/#primaryimage\"},\"thumbnailUrl\":\"https:\/\/renesansa.ba\/wp-content\/uploads\/2025\/02\/4-scaled.jpg\",\"datePublished\":\"2025-02-07T10:28:48+00:00\",\"dateModified\":\"2025-02-13T08:15:23+00:00\",\"breadcrumb\":{\"@id\":\"https:\/\/renesansa.ba\/shop\/ugaonegarniture\/ugaona-garnitura-julija\/#breadcrumb\"},\"inLanguage\":\"en-US\",\"potentialAction\":[{\"@type\":\"ReadAction\",\"target\":[\"https:\/\/renesansa.ba\/shop\/ugaonegarniture\/ugaona-garnitura-julija\/\"]}]},{\"@type\":\"ImageObject\",\"inLanguage\":\"en-US\",\"@id\":\"https:\/\/renesansa.ba\/shop\/ugaonegarniture\/ugaona-garnitura-julija\/#primaryimage\",\"url\":\"https:\/\/renesansa.ba\/wp-content\/uploads\/2025\/02\/4-scaled.jpg\",\"contentUrl\":\"https:\/\/renesansa.ba\/wp-content\/uploads\/2025\/02\/4-scaled.jpg\",\"width\":2560,\"height\":1920,\"caption\":\"interior with sofa. 3d illustration\"},{\"@type\":\"BreadcrumbList\",\"@id\":\"https:\/\/renesansa.ba\/shop\/ugaonegarniture\/ugaona-garnitura-julija\/#breadcrumb\",\"itemListElement\":[{\"@type\":\"ListItem\",\"position\":1,\"name\":\"Home\",\"item\":\"https:\/\/renesansa.ba\/\"},{\"@type\":\"ListItem\",\"position\":2,\"name\":\"Shop\",\"item\":\"https:\/\/renesansa.ba\/shop\/\"},{\"@type\":\"ListItem\",\"position\":3,\"name\":\"Ugaona garnitura Julija\"}]},{\"@type\":\"WebSite\",\"@id\":\"https:\/\/renesansa.ba\/#website\",\"url\":\"https:\/\/renesansa.ba\/\",\"name\":\"Renesansa Namje\u0161taj\",\"description\":\"Sinonim za lijepo oblikovan i funkcionalan namje\u0161taj visokog kvaliteta i dobrih cijena, sa najpovoljnijim odnosom vrijednosti proizvoda i prodajnih cijena na ovim prostorima. Posjetite nas u na\u0161im salonima u \u017divinicama ili u Tuzli.\",\"publisher\":{\"@id\":\"https:\/\/renesansa.ba\/#organization\"},\"potentialAction\":[{\"@type\":\"SearchAction\",\"target\":{\"@type\":\"EntryPoint\",\"urlTemplate\":\"https:\/\/renesansa.ba\/?s={search_term_string}\"},\"query-input\":\"required name=search_term_string\"}],\"inLanguage\":\"en-US\"},{\"@type\":\"Organization\",\"@id\":\"https:\/\/renesansa.ba\/#organization\",\"name\":\"Renesansa Namje\u0161taj\",\"url\":\"https:\/\/renesansa.ba\/\",\"logo\":{\"@type\":\"ImageObject\",\"inLanguage\":\"en-US\",\"@id\":\"https:\/\/renesansa.ba\/#\/schema\/logo\/image\/\",\"url\":\"https:\/\/renesansa.ba\/wp-content\/uploads\/2022\/09\/logo-hq.png\",\"contentUrl\":\"https:\/\/renesansa.ba\/wp-content\/uploads\/2022\/09\/logo-hq.png\",\"width\":948,\"height\":276,\"caption\":\"Renesansa Namje\u0161taj\"},\"image\":{\"@id\":\"https:\/\/renesansa.ba\/#\/schema\/logo\/image\/\"},\"sameAs\":[\"https:\/\/www.facebook.com\/resensansa\",\"https:\/\/www.instagram.com\/renesansa.ba\/\"]}]}<\/script>\n<!-- \/ Yoast SEO Premium plugin. -->","yoast_head_json":{"title":"Ugaona garnitura Julija - Renesansa Namje\u0161taj","robots":{"index":"index","follow":"follow","max-snippet":"max-snippet:-1","max-image-preview":"max-image-preview:large","max-video-preview":"max-video-preview:-1"},"canonical":"https:\/\/renesansa.ba\/en\/shop\/ugaonegarniture\/ugaona-garnitura-julija\/","og_locale":"en_US","og_type":"article","og_title":"Ugaona garnitura Julija","og_description":"Ugaona garnitura Julija dimenzija 265&#215;184 cm predstavlja savr\u0161en spoj udobnosti i funkcionalnosti. Ova garnitura je opremljena le\u017eajem na izvla\u010denje, \u0161to je \u010dini idealnim rje\u0161enjem za gostinske sobe ili dnevne boravke, pru\u017eaju\u0107i dodatni prostor za spavanje kada je to potrebno. Uz to, garnitura dolazi s prakti\u010dnim sandukom za odlaganje posteljine, \u010dime se omogu\u0107ava dodatna organizacija prostora. [...]","og_url":"https:\/\/renesansa.ba\/en\/shop\/ugaonegarniture\/ugaona-garnitura-julija\/","og_site_name":"Renesansa Namje\u0161taj","article_publisher":"https:\/\/www.facebook.com\/resensansa","article_modified_time":"2025-02-13T08:15:23+00:00","og_image":[{"width":2560,"height":1920,"url":"https:\/\/renesansa.ba\/wp-content\/uploads\/2025\/02\/4-scaled.jpg","type":"image\/jpeg"}],"twitter_card":"summary_large_image","twitter_misc":{"Est. reading time":"1 minute"},"schema":{"@context":"https:\/\/schema.org","@graph":[{"@type":"WebPage","@id":"https:\/\/renesansa.ba\/shop\/ugaonegarniture\/ugaona-garnitura-julija\/","url":"https:\/\/renesansa.ba\/shop\/ugaonegarniture\/ugaona-garnitura-julija\/","name":"Ugaona garnitura Julija - Renesansa Namje\u0161taj","isPartOf":{"@id":"https:\/\/renesansa.ba\/#website"},"primaryImageOfPage":{"@id":"https:\/\/renesansa.ba\/shop\/ugaonegarniture\/ugaona-garnitura-julija\/#primaryimage"},"image":{"@id":"https:\/\/renesansa.ba\/shop\/ugaonegarniture\/ugaona-garnitura-julija\/#primaryimage"},"thumbnailUrl":"https:\/\/renesansa.ba\/wp-content\/uploads\/2025\/02\/4-scaled.jpg","datePublished":"2025-02-07T10:28:48+00:00","dateModified":"2025-02-13T08:15:23+00:00","breadcrumb":{"@id":"https:\/\/renesansa.ba\/shop\/ugaonegarniture\/ugaona-garnitura-julija\/#breadcrumb"},"inLanguage":"en-US","potentialAction":[{"@type":"ReadAction","target":["https:\/\/renesansa.ba\/shop\/ugaonegarniture\/ugaona-garnitura-julija\/"]}]},{"@type":"ImageObject","inLanguage":"en-US","@id":"https:\/\/renesansa.ba\/shop\/ugaonegarniture\/ugaona-garnitura-julija\/#primaryimage","url":"https:\/\/renesansa.ba\/wp-content\/uploads\/2025\/02\/4-scaled.jpg","contentUrl":"https:\/\/renesansa.ba\/wp-content\/uploads\/2025\/02\/4-scaled.jpg","width":2560,"height":1920,"caption":"interior with sofa. 3d illustration"},{"@type":"BreadcrumbList","@id":"https:\/\/renesansa.ba\/shop\/ugaonegarniture\/ugaona-garnitura-julija\/#breadcrumb","itemListElement":[{"@type":"ListItem","position":1,"name":"Home","item":"https:\/\/renesansa.ba\/"},{"@type":"ListItem","position":2,"name":"Shop","item":"https:\/\/renesansa.ba\/shop\/"},{"@type":"ListItem","position":3,"name":"Ugaona garnitura Julija"}]},{"@type":"WebSite","@id":"https:\/\/renesansa.ba\/#website","url":"https:\/\/renesansa.ba\/","name":"Renaissance Furniture","description":"A synonym for beautifully designed and functional furniture of high quality and good prices, with the most favorable ratio of product value and selling prices in this area. Visit us in our salons in \u017divinice or Tuzla.","publisher":{"@id":"https:\/\/renesansa.ba\/#organization"},"potentialAction":[{"@type":"SearchAction","target":{"@type":"EntryPoint","urlTemplate":"https:\/\/renesansa.ba\/?s={search_term_string}"},"query-input":"required name=search_term_string"}],"inLanguage":"en-US"},{"@type":"Organization","@id":"https:\/\/renesansa.ba\/#organization","name":"Renaissance Furniture","url":"https:\/\/renesansa.ba\/","logo":{"@type":"ImageObject","inLanguage":"en-US","@id":"https:\/\/renesansa.ba\/#\/schema\/logo\/image\/","url":"https:\/\/renesansa.ba\/wp-content\/uploads\/2022\/09\/logo-hq.png","contentUrl":"https:\/\/renesansa.ba\/wp-content\/uploads\/2022\/09\/logo-hq.png","width":948,"height":276,"caption":"Renesansa Namje\u0161taj"},"image":{"@id":"https:\/\/renesansa.ba\/#\/schema\/logo\/image\/"},"sameAs":["https:\/\/www.facebook.com\/resensansa","https:\/\/www.instagram.com\/renesansa.ba\/"]}]}},"_links":{"self":[{"href":"https:\/\/renesansa.ba\/en\/wp-json\/wp\/v2\/product\/1581"}],"collection":[{"href":"https:\/\/renesansa.ba\/en\/wp-json\/wp\/v2\/product"}],"about":[{"href":"https:\/\/renesansa.ba\/en\/wp-json\/wp\/v2\/types\/product"}],"wp:featuredmedia":[{"embeddable":true,"href":"https:\/\/renesansa.ba\/en\/wp-json\/wp\/v2\/media\/1582"}],"wp:attachment":[{"href":"https:\/\/renesansa.ba\/en\/wp-json\/wp\/v2\/media?parent=1581"}],"wp:term":[{"taxonomy":"product_cat","embeddable":true,"href":"https:\/\/renesansa.ba\/en\/wp-json\/wp\/v2\/product_cat?post=1581"},{"taxonomy":"product_tag","embeddable":true,"href":"https:\/\/renesansa.ba\/en\/wp-json\/wp\/v2\/product_tag?post=1581"}],"curies":[{"name":"wp","href":"https:\/\/api.w.org\/{rel}","templated":true}]}}