{"id":1320,"date":"2023-08-01T21:05:54","date_gmt":"2023-08-01T19:05:54","guid":{"rendered":"https:\/\/renesansa.ba\/?post_type=product&#038;p=1320"},"modified":"2025-02-13T15:04:25","modified_gmt":"2025-02-13T14:04:25","slug":"fotelja-odesa","status":"publish","type":"product","link":"https:\/\/renesansa.ba\/en\/shop\/fotelje\/fotelja-odesa\/","title":{"rendered":"Odessa armchair"},"content":{"rendered":"<p><strong>Odessa armchair<\/strong> is a modern piece of furniture that features a simple yet sophisticated design with straight lines, making it a perfect choice for any space. Whether you place it in a living room, office or any other space, Odesa will easily fit into a variety of interior styles. Its clean lines and elegant form bring a touch of contemporary style, while the comfort of the seat provides relaxation and support. The Odesa armchair is the perfect blend of functionality, style and simplicity, ideal for anyone who wants modern yet practical furniture.<\/p>","protected":false},"excerpt":{"rendered":"<p>Fotelja Odesa je moderni komad namje\u0161taja koji se odlikuje jednostavnim, ali sofisticiranim dizajnom s ravnim linijama, \u0161to je \u010dini savr\u0161enim izborom za svaki prostor. Bilo da je postavite u dnevnu sobu, kancelariju ili bilo koji drugi prostor, Odesa \u0107e se lako uklopiti u razli\u010dite stilove enterijera. Njene \u010diste linije i elegantna forma unose da\u0161ak savremenog [&#8230;]\n","protected":false},"featured_media":1321,"template":"","meta":[],"product_cat":[56],"product_tag":[],"yoast_head":"<!-- This site is optimized with the Yoast SEO Premium plugin v21.7 (Yoast SEO v22.6) - https:\/\/yoast.com\/wordpress\/plugins\/seo\/ -->\n<title>Fotelja Odesa - Renesansa Namje\u0161taj<\/title>\n<meta name=\"robots\" content=\"index, follow, max-snippet:-1, max-image-preview:large, max-video-preview:-1\" \/>\n<link rel=\"canonical\" href=\"https:\/\/renesansa.ba\/en\/shop\/fotelje\/fotelja-odesa\/\" \/>\n<meta property=\"og:locale\" content=\"en_US\" \/>\n<meta property=\"og:type\" content=\"article\" \/>\n<meta property=\"og:title\" content=\"Fotelja Odesa\" \/>\n<meta property=\"og:description\" content=\"Fotelja Odesa je moderni komad namje\u0161taja koji se odlikuje jednostavnim, ali sofisticiranim dizajnom s ravnim linijama, \u0161to je \u010dini savr\u0161enim izborom za svaki prostor. Bilo da je postavite u dnevnu sobu, kancelariju ili bilo koji drugi prostor, Odesa \u0107e se lako uklopiti u razli\u010dite stilove enterijera. Njene \u010diste linije i elegantna forma unose da\u0161ak savremenog [...]\" \/>\n<meta property=\"og:url\" content=\"https:\/\/renesansa.ba\/en\/shop\/fotelje\/fotelja-odesa\/\" \/>\n<meta property=\"og:site_name\" content=\"Renesansa Namje\u0161taj\" \/>\n<meta property=\"article:publisher\" content=\"https:\/\/www.facebook.com\/resensansa\" \/>\n<meta property=\"article:modified_time\" content=\"2025-02-13T14:04:25+00:00\" \/>\n<meta property=\"og:image\" content=\"https:\/\/renesansa.ba\/wp-content\/uploads\/2023\/08\/fotelja-1-1175x800.jpg\" \/>\n\t<meta property=\"og:image:width\" content=\"1175\" \/>\n\t<meta property=\"og:image:height\" content=\"800\" \/>\n\t<meta property=\"og:image:type\" content=\"image\/jpeg\" \/>\n<meta name=\"twitter:card\" content=\"summary_large_image\" \/>\n<meta name=\"twitter:label1\" content=\"Est. reading time\" \/>\n\t<meta name=\"twitter:data1\" content=\"1 minute\" \/>\n<script type=\"application\/ld+json\" class=\"yoast-schema-graph\">{\"@context\":\"https:\/\/schema.org\",\"@graph\":[{\"@type\":\"WebPage\",\"@id\":\"https:\/\/renesansa.ba\/shop\/fotelje\/fotelja-odesa\/\",\"url\":\"https:\/\/renesansa.ba\/shop\/fotelje\/fotelja-odesa\/\",\"name\":\"Fotelja Odesa - Renesansa Namje\u0161taj\",\"isPartOf\":{\"@id\":\"https:\/\/renesansa.ba\/#website\"},\"primaryImageOfPage\":{\"@id\":\"https:\/\/renesansa.ba\/shop\/fotelje\/fotelja-odesa\/#primaryimage\"},\"image\":{\"@id\":\"https:\/\/renesansa.ba\/shop\/fotelje\/fotelja-odesa\/#primaryimage\"},\"thumbnailUrl\":\"https:\/\/renesansa.ba\/wp-content\/uploads\/2023\/08\/fotelja-1.jpg\",\"datePublished\":\"2023-08-01T19:05:54+00:00\",\"dateModified\":\"2025-02-13T14:04:25+00:00\",\"breadcrumb\":{\"@id\":\"https:\/\/renesansa.ba\/shop\/fotelje\/fotelja-odesa\/#breadcrumb\"},\"inLanguage\":\"en-US\",\"potentialAction\":[{\"@type\":\"ReadAction\",\"target\":[\"https:\/\/renesansa.ba\/shop\/fotelje\/fotelja-odesa\/\"]}]},{\"@type\":\"ImageObject\",\"inLanguage\":\"en-US\",\"@id\":\"https:\/\/renesansa.ba\/shop\/fotelje\/fotelja-odesa\/#primaryimage\",\"url\":\"https:\/\/renesansa.ba\/wp-content\/uploads\/2023\/08\/fotelja-1.jpg\",\"contentUrl\":\"https:\/\/renesansa.ba\/wp-content\/uploads\/2023\/08\/fotelja-1.jpg\",\"width\":2500,\"height\":1702},{\"@type\":\"BreadcrumbList\",\"@id\":\"https:\/\/renesansa.ba\/shop\/fotelje\/fotelja-odesa\/#breadcrumb\",\"itemListElement\":[{\"@type\":\"ListItem\",\"position\":1,\"name\":\"Home\",\"item\":\"https:\/\/renesansa.ba\/\"},{\"@type\":\"ListItem\",\"position\":2,\"name\":\"Shop\",\"item\":\"https:\/\/renesansa.ba\/shop\/\"},{\"@type\":\"ListItem\",\"position\":3,\"name\":\"Fotelja Odesa\"}]},{\"@type\":\"WebSite\",\"@id\":\"https:\/\/renesansa.ba\/#website\",\"url\":\"https:\/\/renesansa.ba\/\",\"name\":\"Renesansa Namje\u0161taj\",\"description\":\"Sinonim za lijepo oblikovan i funkcionalan namje\u0161taj visokog kvaliteta i dobrih cijena, sa najpovoljnijim odnosom vrijednosti proizvoda i prodajnih cijena na ovim prostorima. Posjetite nas u na\u0161im salonima u \u017divinicama ili u Tuzli.\",\"publisher\":{\"@id\":\"https:\/\/renesansa.ba\/#organization\"},\"potentialAction\":[{\"@type\":\"SearchAction\",\"target\":{\"@type\":\"EntryPoint\",\"urlTemplate\":\"https:\/\/renesansa.ba\/?s={search_term_string}\"},\"query-input\":\"required name=search_term_string\"}],\"inLanguage\":\"en-US\"},{\"@type\":\"Organization\",\"@id\":\"https:\/\/renesansa.ba\/#organization\",\"name\":\"Renesansa Namje\u0161taj\",\"url\":\"https:\/\/renesansa.ba\/\",\"logo\":{\"@type\":\"ImageObject\",\"inLanguage\":\"en-US\",\"@id\":\"https:\/\/renesansa.ba\/#\/schema\/logo\/image\/\",\"url\":\"https:\/\/renesansa.ba\/wp-content\/uploads\/2022\/09\/logo-hq.png\",\"contentUrl\":\"https:\/\/renesansa.ba\/wp-content\/uploads\/2022\/09\/logo-hq.png\",\"width\":948,\"height\":276,\"caption\":\"Renesansa Namje\u0161taj\"},\"image\":{\"@id\":\"https:\/\/renesansa.ba\/#\/schema\/logo\/image\/\"},\"sameAs\":[\"https:\/\/www.facebook.com\/resensansa\",\"https:\/\/www.instagram.com\/renesansa.ba\/\"]}]}<\/script>\n<!-- \/ Yoast SEO Premium plugin. -->","yoast_head_json":{"title":"Fotelja Odesa - Renesansa Namje\u0161taj","robots":{"index":"index","follow":"follow","max-snippet":"max-snippet:-1","max-image-preview":"max-image-preview:large","max-video-preview":"max-video-preview:-1"},"canonical":"https:\/\/renesansa.ba\/en\/shop\/fotelje\/fotelja-odesa\/","og_locale":"en_US","og_type":"article","og_title":"Fotelja Odesa","og_description":"Fotelja Odesa je moderni komad namje\u0161taja koji se odlikuje jednostavnim, ali sofisticiranim dizajnom s ravnim linijama, \u0161to je \u010dini savr\u0161enim izborom za svaki prostor. Bilo da je postavite u dnevnu sobu, kancelariju ili bilo koji drugi prostor, Odesa \u0107e se lako uklopiti u razli\u010dite stilove enterijera. Njene \u010diste linije i elegantna forma unose da\u0161ak savremenog [...]","og_url":"https:\/\/renesansa.ba\/en\/shop\/fotelje\/fotelja-odesa\/","og_site_name":"Renesansa Namje\u0161taj","article_publisher":"https:\/\/www.facebook.com\/resensansa","article_modified_time":"2025-02-13T14:04:25+00:00","og_image":[{"width":1175,"height":800,"url":"https:\/\/renesansa.ba\/wp-content\/uploads\/2023\/08\/fotelja-1-1175x800.jpg","type":"image\/jpeg"}],"twitter_card":"summary_large_image","twitter_misc":{"Est. reading time":"1 minute"},"schema":{"@context":"https:\/\/schema.org","@graph":[{"@type":"WebPage","@id":"https:\/\/renesansa.ba\/shop\/fotelje\/fotelja-odesa\/","url":"https:\/\/renesansa.ba\/shop\/fotelje\/fotelja-odesa\/","name":"Fotelja Odesa - Renesansa Namje\u0161taj","isPartOf":{"@id":"https:\/\/renesansa.ba\/#website"},"primaryImageOfPage":{"@id":"https:\/\/renesansa.ba\/shop\/fotelje\/fotelja-odesa\/#primaryimage"},"image":{"@id":"https:\/\/renesansa.ba\/shop\/fotelje\/fotelja-odesa\/#primaryimage"},"thumbnailUrl":"https:\/\/renesansa.ba\/wp-content\/uploads\/2023\/08\/fotelja-1.jpg","datePublished":"2023-08-01T19:05:54+00:00","dateModified":"2025-02-13T14:04:25+00:00","breadcrumb":{"@id":"https:\/\/renesansa.ba\/shop\/fotelje\/fotelja-odesa\/#breadcrumb"},"inLanguage":"en-US","potentialAction":[{"@type":"ReadAction","target":["https:\/\/renesansa.ba\/shop\/fotelje\/fotelja-odesa\/"]}]},{"@type":"ImageObject","inLanguage":"en-US","@id":"https:\/\/renesansa.ba\/shop\/fotelje\/fotelja-odesa\/#primaryimage","url":"https:\/\/renesansa.ba\/wp-content\/uploads\/2023\/08\/fotelja-1.jpg","contentUrl":"https:\/\/renesansa.ba\/wp-content\/uploads\/2023\/08\/fotelja-1.jpg","width":2500,"height":1702},{"@type":"BreadcrumbList","@id":"https:\/\/renesansa.ba\/shop\/fotelje\/fotelja-odesa\/#breadcrumb","itemListElement":[{"@type":"ListItem","position":1,"name":"Home","item":"https:\/\/renesansa.ba\/"},{"@type":"ListItem","position":2,"name":"Shop","item":"https:\/\/renesansa.ba\/shop\/"},{"@type":"ListItem","position":3,"name":"Fotelja Odesa"}]},{"@type":"WebSite","@id":"https:\/\/renesansa.ba\/#website","url":"https:\/\/renesansa.ba\/","name":"Renaissance Furniture","description":"A synonym for beautifully designed and functional furniture of high quality and good prices, with the most favorable ratio of product value and selling prices in this area. Visit us in our salons in \u017divinice or Tuzla.","publisher":{"@id":"https:\/\/renesansa.ba\/#organization"},"potentialAction":[{"@type":"SearchAction","target":{"@type":"EntryPoint","urlTemplate":"https:\/\/renesansa.ba\/?s={search_term_string}"},"query-input":"required name=search_term_string"}],"inLanguage":"en-US"},{"@type":"Organization","@id":"https:\/\/renesansa.ba\/#organization","name":"Renaissance Furniture","url":"https:\/\/renesansa.ba\/","logo":{"@type":"ImageObject","inLanguage":"en-US","@id":"https:\/\/renesansa.ba\/#\/schema\/logo\/image\/","url":"https:\/\/renesansa.ba\/wp-content\/uploads\/2022\/09\/logo-hq.png","contentUrl":"https:\/\/renesansa.ba\/wp-content\/uploads\/2022\/09\/logo-hq.png","width":948,"height":276,"caption":"Renesansa Namje\u0161taj"},"image":{"@id":"https:\/\/renesansa.ba\/#\/schema\/logo\/image\/"},"sameAs":["https:\/\/www.facebook.com\/resensansa","https:\/\/www.instagram.com\/renesansa.ba\/"]}]}},"_links":{"self":[{"href":"https:\/\/renesansa.ba\/en\/wp-json\/wp\/v2\/product\/1320"}],"collection":[{"href":"https:\/\/renesansa.ba\/en\/wp-json\/wp\/v2\/product"}],"about":[{"href":"https:\/\/renesansa.ba\/en\/wp-json\/wp\/v2\/types\/product"}],"wp:featuredmedia":[{"embeddable":true,"href":"https:\/\/renesansa.ba\/en\/wp-json\/wp\/v2\/media\/1321"}],"wp:attachment":[{"href":"https:\/\/renesansa.ba\/en\/wp-json\/wp\/v2\/media?parent=1320"}],"wp:term":[{"taxonomy":"product_cat","embeddable":true,"href":"https:\/\/renesansa.ba\/en\/wp-json\/wp\/v2\/product_cat?post=1320"},{"taxonomy":"product_tag","embeddable":true,"href":"https:\/\/renesansa.ba\/en\/wp-json\/wp\/v2\/product_tag?post=1320"}],"curies":[{"name":"wp","href":"https:\/\/api.w.org\/{rel}","templated":true}]}}